{"id":13,"date":"2020-12-15T13:52:41","date_gmt":"2020-12-15T16:52:41","guid":{"rendered":"http:\/\/topairsoft.com.br\/?page_id=13"},"modified":"2022-07-31T12:23:57","modified_gmt":"2022-07-31T15:23:57","slug":"pagina-inicial","status":"publish","type":"page","link":"https:\/\/topairsoft.com.br\/","title":{"rendered":"SUA LOJA DE ARMAS"},"content":{"rendered":"\n<p>Visite uma das maiores lojas de armas, muni\u00e7\u00f5es e artigos esportivos de S\u00e3o Paulo. Estamos localizados pr\u00f3ximo ao centro da cidade e temos grande variedade de produtos.<\/p>\n\n\n\n<p>Atendemos presencialmente e n\u00e3o possuimos representantes externos. Realizamos vendas apenas no balc\u00e3o da loja ou atrav\u00e9s dos canais oficiais de atendimento:<\/p>\n\n\n\n<p>(11)2091-2163<br>(11)934-959-444<br>contato@toparms.com.br<br>Rua Airi, 54 &#8211; Tatuap\u00e9, S\u00e3o Paulo.<\/p>\n","protected":false},"excerpt":{"rendered":"<p>Visite uma das maiores lojas de armas, muni\u00e7\u00f5es e artigos esportivos de S\u00e3o Paulo. Estamos localizados pr\u00f3ximo ao centro da cidade e temos grande variedade de produtos. Atendemos presencialmente e n\u00e3o possuimos representantes externos. Realizamos vendas apenas no balc\u00e3o da loja ou atrav\u00e9s dos canais oficiais de atendimento: (11)2091-2163(11)934-959-444contato@toparms.com.brRua Airi, 54 &#8211; Tatuap\u00e9, S\u00e3o Paulo.<\/p>\n","protected":false},"author":1,"featured_media":0,"parent":0,"menu_order":0,"comment_status":"closed","ping_status":"closed","template":"","meta":[],"_links":{"self":[{"href":"https:\/\/topairsoft.com.br\/index.php\/wp-json\/wp\/v2\/pages\/13"}],"collection":[{"href":"https:\/\/topairsoft.com.br\/index.php\/wp-json\/wp\/v2\/pages"}],"about":[{"href":"https:\/\/topairsoft.com.br\/index.php\/wp-json\/wp\/v2\/types\/page"}],"author":[{"embeddable":true,"href":"https:\/\/topairsoft.com.br\/index.php\/wp-json\/wp\/v2\/users\/1"}],"replies":[{"embeddable":true,"href":"https:\/\/topairsoft.com.br\/index.php\/wp-json\/wp\/v2\/comments?post=13"}],"version-history":[{"count":4,"href":"https:\/\/topairsoft.com.br\/index.php\/wp-json\/wp\/v2\/pages\/13\/revisions"}],"predecessor-version":[{"id":50,"href":"https:\/\/topairsoft.com.br\/index.php\/wp-json\/wp\/v2\/pages\/13\/revisions\/50"}],"wp:attachment":[{"href":"https:\/\/topairsoft.com.br\/index.php\/wp-json\/wp\/v2\/media?parent=13"}],"curies":[{"name":"wp","href":"https:\/\/api.w.org\/{rel}","templated":true}]}}